{"id":63377,"date":"2021-03-13T06:17:25","date_gmt":"2021-03-13T11:17:25","guid":{"rendered":"https:\/\/bestsellerhaiti.com\/proprietes-a-louer-et-a-vendre-en-haiti\/"},"modified":"2024-01-31T12:30:00","modified_gmt":"2024-01-31T17:30:00","slug":"proprietes-a-louer-et-a-vendre-en-haiti","status":"publish","type":"page","link":"https:\/\/bestsellerhaiti.com\/fr\/proprietes-a-louer-et-a-vendre-en-haiti\/","title":{"rendered":"Propri\u00e9t\u00e9s \u00e0 louer et \u00e0 vendre en Ha\u00efti"},"content":{"rendered":"","protected":false},"excerpt":{"rendered":"","protected":false},"author":1,"featured_media":0,"parent":0,"menu_order":0,"comment_status":"closed","ping_status":"closed","template":"page-template-properties.php","meta":{"content-type":"","_uf_show_specific_survey":0,"_uf_disable_surveys":false,"advanced_seo_description":"","jetpack_seo_html_title":"","jetpack_seo_noindex":false,"footnotes":""},"class_list":["post-63377","page","type-page","status-publish","hentry"],"_links":{"self":[{"href":"https:\/\/bestsellerhaiti.com\/fr\/wp-json\/wp\/v2\/pages\/63377","targetHints":{"allow":["GET"]}}],"collection":[{"href":"https:\/\/bestsellerhaiti.com\/fr\/wp-json\/wp\/v2\/pages"}],"about":[{"href":"https:\/\/bestsellerhaiti.com\/fr\/wp-json\/wp\/v2\/types\/page"}],"author":[{"embeddable":true,"href":"https:\/\/bestsellerhaiti.com\/fr\/wp-json\/wp\/v2\/users\/1"}],"replies":[{"embeddable":true,"href":"https:\/\/bestsellerhaiti.com\/fr\/wp-json\/wp\/v2\/comments?post=63377"}],"version-history":[{"count":0,"href":"https:\/\/bestsellerhaiti.com\/fr\/wp-json\/wp\/v2\/pages\/63377\/revisions"}],"wp:attachment":[{"href":"https:\/\/bestsellerhaiti.com\/fr\/wp-json\/wp\/v2\/media?parent=63377"}],"curies":[{"name":"wp","href":"https:\/\/api.w.org\/{rel}","templated":true}]}}