{"id":63376,"date":"2021-03-19T06:59:23","date_gmt":"2021-03-19T10:59:23","guid":{"rendered":"https:\/\/bestsellerhaiti.com\/sinscrire\/"},"modified":"2023-11-02T15:04:05","modified_gmt":"2023-11-02T19:04:05","slug":"sinscrire","status":"publish","type":"page","link":"https:\/\/bestsellerhaiti.com\/fr\/sinscrire\/","title":{"rendered":"S&rsquo;inscrire"},"content":{"rendered":"\t\t<div data-elementor-type=\"wp-page\" data-elementor-id=\"63376\" class=\"elementor elementor-63376 elementor-2126\">\n\t\t\t\t\t\t<section class=\"elementor-section elementor-top-section elementor-element elementor-element-ee54fd7 elementor-section-stretched elementor-section-content-middle elementor-section-boxed elementor-section-height-default elementor-section-height-default\" data-id=\"ee54fd7\" data-element_type=\"section\" data-e-type=\"section\" data-settings=\"{&quot;stretch_section&quot;:&quot;section-stretched&quot;,&quot;background_background&quot;:&quot;classic&quot;}\">\n\t\t\t\t\t\t<div class=\"elementor-container elementor-column-gap-default\">\n\t\t\t\t\t<div class=\"elementor-column elementor-col-100 elementor-top-column elementor-element elementor-element-9b81862\" data-id=\"9b81862\" data-element_type=\"column\" data-e-type=\"column\">\n\t\t\t<div class=\"elementor-widget-wrap elementor-element-populated\">\n\t\t\t\t\t\t<section class=\"elementor-section elementor-inner-section elementor-element elementor-element-d95066f elementor-section-content-middle elementor-section-boxed elementor-section-height-default elementor-section-height-default\" data-id=\"d95066f\" data-element_type=\"section\" data-e-type=\"section\">\n\t\t\t\t\t\t<div class=\"elementor-container elementor-column-gap-default\">\n\t\t\t\t\t<div class=\"elementor-column elementor-col-50 elementor-inner-column elementor-element elementor-element-634b8a1\" data-id=\"634b8a1\" data-element_type=\"column\" data-e-type=\"column\" data-settings=\"{&quot;background_background&quot;:&quot;classic&quot;}\">\n\t\t\t<div class=\"elementor-widget-wrap elementor-element-populated\">\n\t\t\t\t\t<div class=\"elementor-background-overlay\"><\/div>\n\t\t\t\t\t\t<div class=\"elementor-element elementor-element-6453055 elementor-widget elementor-widget-image\" data-id=\"6453055\" data-element_type=\"widget\" data-e-type=\"widget\" data-widget_type=\"image.default\">\n\t\t\t\t<div class=\"elementor-widget-container\">\n\t\t\t\t\t\t\t\t\t\t\t\t\t\t\t<img fetchpriority=\"high\" decoding=\"async\" width=\"1000\" height=\"982\" src=\"https:\/\/i0.wp.com\/bestsellerhaiti.com\/wp-content\/uploads\/2022\/05\/register-img.webp?fit=1000%2C982&amp;ssl=1\" class=\"attachment-full size-full wp-image-62184\" alt=\"\" srcset=\"https:\/\/i0.wp.com\/bestsellerhaiti.com\/wp-content\/uploads\/2022\/05\/register-img.webp?w=1000&amp;ssl=1 1000w, https:\/\/i0.wp.com\/bestsellerhaiti.com\/wp-content\/uploads\/2022\/05\/register-img.webp?resize=600%2C589&amp;ssl=1 600w, https:\/\/i0.wp.com\/bestsellerhaiti.com\/wp-content\/uploads\/2022\/05\/register-img.webp?resize=300%2C295&amp;ssl=1 300w, https:\/\/i0.wp.com\/bestsellerhaiti.com\/wp-content\/uploads\/2022\/05\/register-img.webp?resize=768%2C754&amp;ssl=1 768w\" sizes=\"(max-width: 640px) 100vw, 640px\" \/>\t\t\t\t\t\t\t\t\t\t\t\t\t\t\t<\/div>\n\t\t\t\t<\/div>\n\t\t\t\t\t<\/div>\n\t\t<\/div>\n\t\t\t\t<div class=\"elementor-column elementor-col-50 elementor-inner-column elementor-element elementor-element-dadcb10\" data-id=\"dadcb10\" data-element_type=\"column\" data-e-type=\"column\" data-settings=\"{&quot;background_background&quot;:&quot;classic&quot;}\">\n\t\t\t<div class=\"elementor-widget-wrap elementor-element-populated\">\n\t\t\t\t\t\t<div class=\"elementor-element elementor-element-155a628 elementor-widget elementor-widget-heading\" data-id=\"155a628\" data-element_type=\"widget\" data-e-type=\"widget\" data-widget_type=\"heading.default\">\n\t\t\t\t<div class=\"elementor-widget-container\">\n\t\t\t\t\t<h2 class=\"elementor-heading-title elementor-size-default\">Bienvenue sur le site de BestONE Haiti Real Estate !<\/h2>\t\t\t\t<\/div>\n\t\t\t\t<\/div>\n\t\t\t\t<div class=\"elementor-element elementor-element-4f74941 elementor-widget-divider--view-line_icon elementor-view-framed elementor-widget-divider--element-align-left elementor-widget elementor-widget-divider\" data-id=\"4f74941\" data-element_type=\"widget\" data-e-type=\"widget\" data-widget_type=\"divider.default\">\n\t\t\t\t<div class=\"elementor-widget-container\">\n\t\t\t\t\t\t\t<div class=\"elementor-divider\">\n\t\t\t<div class=\"elementor-divider-separator\">\n\t\t\t\t\t\t\t<div class=\"elementor-icon elementor-divider__element\">\n\t\t\t\t\t<i aria-hidden=\"true\" class=\"fas fa-square\"><\/i><\/div>\n\t\t\t\t\t\t<\/div>\n\t\t<\/div>\n\t\t\t\t\t\t<\/div>\n\t\t\t\t<\/div>\n\t\t\t\t<div class=\"elementor-element elementor-element-a7c674a elementor-widget elementor-widget-text-editor\" data-id=\"a7c674a\" data-element_type=\"widget\" data-e-type=\"widget\" data-widget_type=\"text-editor.default\">\n\t\t\t\t<div class=\"elementor-widget-container\">\n\t\t\t\t\t\t\t\t\t<p>Commen\u00e7ons par cr\u00e9er votre compte gratuit.<\/p>\n<p>Ou connectez-vous \u00e0 votre compte<\/p>\n\t\t\t\t\t\t\t\t<\/div>\n\t\t\t\t<\/div>\n\t\t\t\t<div class=\"elementor-element elementor-element-b533c23 elementor-widget elementor-widget-luxus-user-login\" data-id=\"b533c23\" data-element_type=\"widget\" data-e-type=\"widget\" data-widget_type=\"luxus-user-login.default\">\n\t\t\t\t<div class=\"elementor-widget-container\">\n\t\t\t\t\t\t\t\t<div class=\"sl-user-login-container\">\n\t\t\t\t\t\t\t\t\t<a class=\"sl-ajax-login\" href=\"\">\n\n\t\t\t\t\t\t<i class=\"sl-icon sl-avatar-o\"><\/i> Login\t\t\t\t\t<\/a>\n                \t\t\t<\/div>\n    \t\t\t\t\t<\/div>\n\t\t\t\t<\/div>\n\t\t\t\t<div class=\"elementor-element elementor-element-39c67fd elementor-widget elementor-widget-shortcode\" data-id=\"39c67fd\" data-element_type=\"widget\" data-e-type=\"widget\" data-widget_type=\"shortcode.default\">\n\t\t\t\t<div class=\"elementor-widget-container\">\n\t\t\t\t\t\t\t<div class=\"elementor-shortcode\"><input type=\"hidden\" id=\"sl_registration_form_nonce\" name=\"sl_registration_form_nonce\" value=\"31a0bf340b\" \/><input type=\"hidden\" name=\"_wp_http_referer\" value=\"\/fr\/wp-json\/wp\/v2\/pages\/63376\" \/>\n    <form class=\"custom-registration\" action=\"\/fr\/wp-json\/wp\/v2\/pages\/63376\" method=\"post\">\n        <div class=\"row gx-3\">\n            <div class=\"form-group col-lg-12\">\n                <h5 class=\"heading\">User Registration<\/h5>\n            <\/div>\n            <div class=\"col-lg-6\">\n                <div class=\"form-floating\">\n                    <input type=\"text\" name=\"username\" value=\"\" class=\"form-control\" id=\"username\" placeholder=\"johndoe\">\n                    <label for=\"username\">Nom Utilisateur<\/label>\n                <\/div>\n            <\/div>\n            <div class=\"col-lg-6\">\n                <div class=\"form-floating\">\n                    <input type=\"email\" name=\"email\" value=\"\" class=\"form-control\" id=\"email\" placeholder=\"john@abc.com\">\n                    <label for=\"email\">Email<\/label>\n                <\/div>\n            <\/div>\n            <div class=\"col-lg-6\">\n                <div class=\"form-floating\">\n                    <input type=\"text\" name=\"first_name\" value=\"\" class=\"form-control\" id=\"first_name\" placeholder=\"John\">\n                    <label for=\"first_name\">Pr\u00e9nom<\/label>\n                <\/div>\n            <\/div>\n            <div class=\"col-lg-6\">\n                <div class=\"form-floating\">\n                    <input type=\"text\" name=\"last_name\" value=\"\" class=\"form-control\" id=\"last_name\" placeholder=\"Doe\">\n                    <label for=\"last_name\">Nom<\/label>\n                <\/div>\n            <\/div>\n            <div class=\"col-lg-6\">\n                <div class=\"form-floating\">\n                    <input type=\"password\" name=\"password\" value=\"\" class=\"form-control\" id=\"password\" placeholder=\"Enter your password\">\n                    <label for=\"password\">Password*<\/label>\n                <\/div>\n            <\/div>\n            <div class=\"col-lg-6\">\n                <div class=\"form-floating\">\n                    <input type=\"password\" name=\"password_conf\" value=\"\" class=\"form-control\" id=\"password_conf\" placeholder=\"Confirm your password\">\n                    <label for=\"password_conf\">Confirm Password*<\/label>\n                <\/div>\n            <\/div>\n            <div class=\"col-lg-12\">\n                <div class=\"form-floating\">\n                    <select name=\"role\" class=\"form-select\" id=\"role\" aria-label=\"Select Account type\">\n                        <option value=\"\" selected >Please Select Role<\/option>\n                        <option value=\"agent\" >Agent<\/option>\n                        <option value=\"agency\" >Agency<\/option>\n                        <option value=\"owner\" >Owner<\/option>\n                        <option value=\"subscriber\" >Subscriber<\/option>\n                    <\/select>\n                    <label for=\"role\">Select Account Type*<\/label>\n                <\/div>\n            <\/div>\n            <div class=\"col-lg-12\">\n            <input type=\"hidden\" id=\"sl_registration_form_nonce\" name=\"sl_registration_form_nonce\" value=\"31a0bf340b\" \/><input type=\"hidden\" name=\"_wp_http_referer\" value=\"\/fr\/wp-json\/wp\/v2\/pages\/63376\" \/>\n                <input type=\"submit\" name=\"submit\" value=\"Register\" id=\"register-user-submit\" \/>\n            <\/div>\n        <\/div>\n    <\/form>\n    <\/div>\n\t\t\t\t\t\t<\/div>\n\t\t\t\t<\/div>\n\t\t\t\t\t<\/div>\n\t\t<\/div>\n\t\t\t\t\t<\/div>\n\t\t<\/section>\n\t\t\t\t\t<\/div>\n\t\t<\/div>\n\t\t\t\t\t<\/div>\n\t\t<\/section>\n\t\t\t\t<\/div>\n\t\t","protected":false},"excerpt":{"rendered":"<p>Bienvenue sur le site de BestONE Haiti Real Estate ! Commen\u00e7ons par cr\u00e9er votre compte gratuit. Ou connectez-vous \u00e0 votre compte Ameen Malik Dashboard Profile settings Logout<\/p>\n","protected":false},"author":1,"featured_media":0,"parent":0,"menu_order":0,"comment_status":"closed","ping_status":"closed","template":"","meta":{"content-type":"","_uf_show_specific_survey":0,"_uf_disable_surveys":false,"advanced_seo_description":"","jetpack_seo_html_title":"","jetpack_seo_noindex":false,"footnotes":""},"class_list":["post-63376","page","type-page","status-publish","hentry"],"_links":{"self":[{"href":"https:\/\/bestsellerhaiti.com\/fr\/wp-json\/wp\/v2\/pages\/63376","targetHints":{"allow":["GET"]}}],"collection":[{"href":"https:\/\/bestsellerhaiti.com\/fr\/wp-json\/wp\/v2\/pages"}],"about":[{"href":"https:\/\/bestsellerhaiti.com\/fr\/wp-json\/wp\/v2\/types\/page"}],"author":[{"embeddable":true,"href":"https:\/\/bestsellerhaiti.com\/fr\/wp-json\/wp\/v2\/users\/1"}],"replies":[{"embeddable":true,"href":"https:\/\/bestsellerhaiti.com\/fr\/wp-json\/wp\/v2\/comments?post=63376"}],"version-history":[{"count":0,"href":"https:\/\/bestsellerhaiti.com\/fr\/wp-json\/wp\/v2\/pages\/63376\/revisions"}],"wp:attachment":[{"href":"https:\/\/bestsellerhaiti.com\/fr\/wp-json\/wp\/v2\/media?parent=63376"}],"curies":[{"name":"wp","href":"https:\/\/api.w.org\/{rel}","templated":true}]}}